{"id":254,"date":"2024-11-30T18:10:33","date_gmt":"2024-11-30T18:10:33","guid":{"rendered":"http:\/\/www.vann.fi\/wp\/?page_id=254"},"modified":"2025-09-13T17:19:24","modified_gmt":"2025-09-13T17:19:24","slug":"projektit","status":"publish","type":"page","link":"https:\/\/www.vann.fi\/wp\/","title":{"rendered":"etusivu"},"content":{"rendered":"\t\t<div data-elementor-type=\"wp-page\" data-elementor-id=\"254\" class=\"elementor elementor-254\">\n\t\t\t\t<div class=\"elementor-element elementor-element-d96e41c e-flex e-con-boxed qodef-elementor-content-no e-con e-parent\" data-id=\"d96e41c\" data-element_type=\"container\" data-e-type=\"container\">\n\t\t\t\t\t<div class=\"e-con-inner\">\n\t\t<div class=\"elementor-element elementor-element-e5af478 e-con-full e-flex qodef-elementor-content-no e-con e-child\" data-id=\"e5af478\" data-element_type=\"container\" data-e-type=\"container\">\n\t\t\t\t<div class=\"elementor-element elementor-element-592adfb elementor-widget elementor-widget-text-editor\" data-id=\"592adfb\" data-element_type=\"widget\" data-e-type=\"widget\" data-widget_type=\"text-editor.default\">\n\t\t\t\t<div class=\"elementor-widget-container\">\n\t\t\t\t\t\t\t\t\t<p>Konteksti, kauneus ja kest\u00e4vyys \u2013 arkkitehtuuria, joka luo korvaamattomia paikkoja<\/p>\t\t\t\t\t\t\t\t<\/div>\n\t\t\t\t<\/div>\n\t\t\t\t<\/div>\n\t\t\t\t\t<\/div>\n\t\t\t\t<\/div>\n\t\t<div class=\"elementor-element elementor-element-9fec7e3 e-flex e-con-boxed qodef-elementor-content-no e-con e-parent\" data-id=\"9fec7e3\" data-element_type=\"container\" data-e-type=\"container\">\n\t\t\t\t\t<div class=\"e-con-inner\">\n\t\t<div class=\"elementor-element elementor-element-7a8c322 e-con-full e-flex qodef-elementor-content-no e-con e-child\" data-id=\"7a8c322\" data-element_type=\"container\" data-e-type=\"container\">\n\t\t\t\t<div class=\"elementor-element elementor-element-d260082 elementor-widget elementor-widget-text-editor\" data-id=\"d260082\" data-element_type=\"widget\" data-e-type=\"widget\" data-widget_type=\"text-editor.default\">\n\t\t\t\t<div class=\"elementor-widget-container\">\n\t\t\t\t\t\t\t\t\t<p>VANN Arkkitehdit on Helsinkil\u00e4inen arkkitehtitoimisto. Meill\u00e4 on pitk\u00e4 kokemus rakennus- ja kaupunkisuunnittelusta. Teemme asuntosuunnittelua, hoiva- ja erityisasumisen suunnittelua sek\u00e4 koulu- ja p\u00e4iv\u00e4kotisuunnittelua. Osaamiseemme kuuluu my\u00f6s maank\u00e4yt\u00f6n suunnittelu, viitesuunnitelmien laadinta ja konsepti- ja kiinteist\u00f6kehitysprojekteja palveleva arkkitehtisuunnittelu sek\u00e4 erilaisten selvitysten laadinta suunnittelun tueksi.<\/p>\t\t\t\t\t\t\t\t<\/div>\n\t\t\t\t<\/div>\n\t\t\t\t<\/div>\n\t\t<div class=\"elementor-element elementor-element-6a408cc e-con-full e-flex qodef-elementor-content-no e-con e-child\" data-id=\"6a408cc\" data-element_type=\"container\" data-e-type=\"container\">\n\t\t\t\t<div class=\"elementor-element elementor-element-7c79471 elementor-widget elementor-widget-text-editor\" data-id=\"7c79471\" data-element_type=\"widget\" data-e-type=\"widget\" data-widget_type=\"text-editor.default\">\n\t\t\t\t<div class=\"elementor-widget-container\">\n\t\t\t\t\t\t\t\t\t<p>Vann Arkkitehtien t\u00f6iss\u00e4 pragmaattisuus yhdistyy runouteen.<\/p><p>T\u00f6iss\u00e4mme vahvistamme ja her\u00e4ttelemme rakentamisen ja ymp\u00e4rist\u00f6n suhdetta ja luomme n\u00e4in sek\u00e4 uutta merkityst\u00e4 paikalle ett\u00e4 juurevaa omaleimaista arkkitehtuuria.<\/p><p>Toimintamme ytimess\u00e4 on syv\u00e4 vastuu ihmisest\u00e4 ja luonnosta. Arkkitehtuuriamme m\u00e4\u00e4rittelee paikan henki, identiteetti, kauneus ja kest\u00e4vyys.<\/p>\t\t\t\t\t\t\t\t<\/div>\n\t\t\t\t<\/div>\n\t\t\t\t<\/div>\n\t\t\t\t\t<\/div>\n\t\t\t\t<\/div>\n\t\t<div class=\"elementor-element elementor-element-8940212 e-grid e-con-boxed qodef-elementor-content-no e-con e-parent\" data-id=\"8940212\" data-element_type=\"container\" data-e-type=\"container\">\n\t\t\t\t\t<div class=\"e-con-inner\">\n\t\t\t\t\t<\/div>\n\t\t\t\t<\/div>\n\t\t<div class=\"elementor-element elementor-element-b15d26e e-flex e-con-boxed qodef-elementor-content-no e-con e-parent\" data-id=\"b15d26e\" data-element_type=\"container\" data-e-type=\"container\">\n\t\t\t\t\t<div class=\"e-con-inner\">\n\t\t<div class=\"elementor-element elementor-element-6967350 e-con-full e-flex qodef-elementor-content-no e-con e-child\" data-id=\"6967350\" data-element_type=\"container\" data-e-type=\"container\">\n\t\t\t\t<div class=\"elementor-element elementor-element-3065c15 elementor-widget elementor-widget-qi_addons_for_elementor_banner\" data-id=\"3065c15\" data-element_type=\"widget\" data-e-type=\"widget\" data-widget_type=\"qi_addons_for_elementor_banner.default\">\n\t\t\t\t<div class=\"elementor-widget-container\">\n\t\t\t\t\t<div class=\"qodef-shortcode qodef-m qodef-qi-banner qodef-layout--standard qodef-vertical--bottom qodef-horizontal--left qodef-image--hover-zoom\">\n\t<div class=\"qodef-m-image\">\n\t<img fetchpriority=\"high\" decoding=\"async\" width=\"1792\" height=\"1148\" src=\"https:\/\/www.vann.fi\/wp\/wp-content\/uploads\/2025\/02\/ilmakuva2-e1740398886397.jpg\" class=\"attachment-full size-full\" alt=\"\" srcset=\"https:\/\/www.vann.fi\/wp\/wp-content\/uploads\/2025\/02\/ilmakuva2-e1740398886397.jpg 1792w, https:\/\/www.vann.fi\/wp\/wp-content\/uploads\/2025\/02\/ilmakuva2-e1740398886397-300x192.jpg 300w, https:\/\/www.vann.fi\/wp\/wp-content\/uploads\/2025\/02\/ilmakuva2-e1740398886397-1024x656.jpg 1024w, https:\/\/www.vann.fi\/wp\/wp-content\/uploads\/2025\/02\/ilmakuva2-e1740398886397-768x492.jpg 768w, https:\/\/www.vann.fi\/wp\/wp-content\/uploads\/2025\/02\/ilmakuva2-e1740398886397-1536x984.jpg 1536w\" sizes=\"(max-width: 1792px) 100vw, 1792px\" \/><\/div>\n\t<div class=\"qodef-m-content\">\n\t\t<div class=\"qodef-m-content-inner\">\n\t\t\t\t\t\t\t\t\t\t\t\t\t<div class=\"qodef-m-button\">\n\t\t<a class=\"qodef-shortcode qodef-m qodef-qi-button qodef-html--link qodef-layout--textual qodef-type--standard qodef-icon--right qodef-hover--icon-move-horizontal-short\" href=\"https:\/\/www.vann.fi\/wp\/?portfolio-item=mesikukankuja\" target=\"_self\">\t<span class=\"qodef-m-text\"><\/span>\t<\/a>\t<\/div>\n\t\t<\/div>\n\t<\/div>\n\t\t<a itemprop=\"url\" href=\"https:\/\/www.vann.fi\/wp\/?portfolio-item=mesikukankuja\" class=\"qodef-m-banner-link\" target=\"_self\"><\/a>\n<\/div>\n\t\t\t\t<\/div>\n\t\t\t\t<\/div>\n\t\t\t\t<\/div>\n\t\t<div class=\"elementor-element elementor-element-b1d20a7 e-con-full e-flex qodef-elementor-content-no e-con e-child\" data-id=\"b1d20a7\" data-element_type=\"container\" data-e-type=\"container\">\n\t\t\t\t<div class=\"elementor-element elementor-element-7fd80bc elementor-widget-divider--view-line elementor-widget elementor-widget-divider\" data-id=\"7fd80bc\" data-element_type=\"widget\" data-e-type=\"widget\" data-widget_type=\"divider.default\">\n\t\t\t\t<div class=\"elementor-widget-container\">\n\t\t\t\t\t\t\t<div class=\"elementor-divider\">\n\t\t\t<span class=\"elementor-divider-separator\">\n\t\t\t\t\t\t<\/span>\n\t\t<\/div>\n\t\t\t\t\t\t<\/div>\n\t\t\t\t<\/div>\n\t\t\t\t<div class=\"elementor-element elementor-element-3f7a51f elementor-widget elementor-widget-text-editor\" data-id=\"3f7a51f\" data-element_type=\"widget\" data-e-type=\"widget\" data-widget_type=\"text-editor.default\">\n\t\t\t\t<div class=\"elementor-widget-container\">\n\t\t\t\t\t\t\t\t\t<p>Korttelitutkielma korttelin t\u00e4ydennysrakentamiseksi Puistolaan Helsinkiin. Tehty yhteisty\u00f6ss\u00e4 Arkkitehtitoimisto Kristina Karlssonin kanssa<\/p>\t\t\t\t\t\t\t\t<\/div>\n\t\t\t\t<\/div>\n\t\t\t\t<div class=\"elementor-element elementor-element-bceaad6 elementor-widget elementor-widget-zermatt_core_button\" data-id=\"bceaad6\" data-element_type=\"widget\" data-e-type=\"widget\" data-widget_type=\"zermatt_core_button.default\">\n\t\t\t\t<div class=\"elementor-widget-container\">\n\t\t\t\t\t<a class=\"qodef-shortcode qodef-m  qodef-button qodef-layout--textual qodef-size--large qodef-html--link \" href=\"https:\/\/www.vann.fi\/wp\/?portfolio-item=mesikukankuja\" target=\"_blank\"  >\n\t<span class=\"qodef-m-text\"><\/span>\n\t\t\t<svg class=\"qodef-btn-textual-icon\" xmlns=\"http:\/\/www.w3.org\/2000\/svg\" viewBox=\"0 0 11.871 11.854\">\n\t\t\t<g>\n\t\t\t\t<path stroke-miterlimit=\"10\" fill=\"none\" d=\"M0 .5h11.372v11.354\"\/><path stroke-miterlimit=\"10\" d=\"M11.371.5L.759 11.113\"\/>\n\t\t\t<\/g>\n\t\t\t<g>\n\t\t\t\t<path stroke-miterlimit=\"10\" fill=\"none\" d=\"M0 .5h11.372v11.354\"\/><path stroke-miterlimit=\"10\" d=\"M11.371.5L.759 11.113\"\/>\n\t\t\t<\/g>\n\t\t<\/svg>\n\t<\/a>\t\t\t\t<\/div>\n\t\t\t\t<\/div>\n\t\t\t\t<\/div>\n\t\t\t\t\t<\/div>\n\t\t\t\t<\/div>\n\t\t<div class=\"elementor-element elementor-element-6841bad e-flex e-con-boxed qodef-elementor-content-no e-con e-parent\" data-id=\"6841bad\" data-element_type=\"container\" data-e-type=\"container\">\n\t\t\t\t\t<div class=\"e-con-inner\">\n\t\t<div class=\"elementor-element elementor-element-9baf4db e-con-full e-flex qodef-elementor-content-no e-con e-child\" data-id=\"9baf4db\" data-element_type=\"container\" data-e-type=\"container\">\n\t\t\t\t<div class=\"elementor-element elementor-element-89695f7 elementor-widget elementor-widget-qi_addons_for_elementor_banner\" data-id=\"89695f7\" data-element_type=\"widget\" data-e-type=\"widget\" data-widget_type=\"qi_addons_for_elementor_banner.default\">\n\t\t\t\t<div class=\"elementor-widget-container\">\n\t\t\t\t\t<div class=\"qodef-shortcode qodef-m qodef-qi-banner qodef-layout--standard qodef-vertical--bottom qodef-horizontal--left qodef-image--hover-zoom\">\n\t<div class=\"qodef-m-image\">\n\t<img decoding=\"async\" width=\"1024\" height=\"576\" src=\"https:\/\/www.vann.fi\/wp\/wp-content\/uploads\/2025\/02\/sisapiha_1-1024x576.jpg\" class=\"attachment-large size-large\" alt=\"\" srcset=\"https:\/\/www.vann.fi\/wp\/wp-content\/uploads\/2025\/02\/sisapiha_1-1024x576.jpg 1024w, https:\/\/www.vann.fi\/wp\/wp-content\/uploads\/2025\/02\/sisapiha_1-300x169.jpg 300w, https:\/\/www.vann.fi\/wp\/wp-content\/uploads\/2025\/02\/sisapiha_1-768x432.jpg 768w, https:\/\/www.vann.fi\/wp\/wp-content\/uploads\/2025\/02\/sisapiha_1-1536x864.jpg 1536w, https:\/\/www.vann.fi\/wp\/wp-content\/uploads\/2025\/02\/sisapiha_1-2048x1152.jpg 2048w\" sizes=\"(max-width: 1024px) 100vw, 1024px\" \/><\/div>\n\t<div class=\"qodef-m-content\">\n\t\t<div class=\"qodef-m-content-inner\">\n\t\t\t\t\t\t\t\t\t\t\t\t\t<div class=\"qodef-m-button\">\n\t\t<a class=\"qodef-shortcode qodef-m qodef-qi-button qodef-html--link qodef-layout--textual qodef-type--standard qodef-icon--right qodef-hover--icon-move-horizontal-short\" href=\"https:\/\/www.vann.fi\/wp\/?portfolio-item=meri-rastila\" target=\"_self\">\t<span class=\"qodef-m-text\"><\/span>\t<\/a>\t<\/div>\n\t\t<\/div>\n\t<\/div>\n\t\t<a itemprop=\"url\" href=\"https:\/\/www.vann.fi\/wp\/?portfolio-item=meri-rastila\" class=\"qodef-m-banner-link\" target=\"_self\"><\/a>\n<\/div>\n\t\t\t\t<\/div>\n\t\t\t\t<\/div>\n\t\t\t\t<\/div>\n\t\t<div class=\"elementor-element elementor-element-d633b30 e-con-full e-flex qodef-elementor-content-no e-con e-child\" data-id=\"d633b30\" data-element_type=\"container\" data-e-type=\"container\">\n\t\t\t\t<div class=\"elementor-element elementor-element-b2b7760 elementor-widget-divider--view-line elementor-widget elementor-widget-divider\" data-id=\"b2b7760\" data-element_type=\"widget\" data-e-type=\"widget\" data-widget_type=\"divider.default\">\n\t\t\t\t<div class=\"elementor-widget-container\">\n\t\t\t\t\t\t\t<div class=\"elementor-divider\">\n\t\t\t<span class=\"elementor-divider-separator\">\n\t\t\t\t\t\t<\/span>\n\t\t<\/div>\n\t\t\t\t\t\t<\/div>\n\t\t\t\t<\/div>\n\t\t\t\t<div class=\"elementor-element elementor-element-ec4cb9d elementor-widget elementor-widget-text-editor\" data-id=\"ec4cb9d\" data-element_type=\"widget\" data-e-type=\"widget\" data-widget_type=\"text-editor.default\">\n\t\t\t\t<div class=\"elementor-widget-container\">\n\t\t\t\t\t\t\t\t\t<p>Meri-Rastilan monitoimitalon luonnossuunnitelma, kilpailuehdotus 2024. Monitoimitalo k\u00e4sitti peruskoulun, p\u00e4iv\u00e4kodin, nuorisotalon, leikkipuiston, kodinhoidon henkil\u00f6st\u00f6tiloja sek\u00e4 asukkaiden iltak\u00e4yt\u00f6n tiloja.<\/p>\t\t\t\t\t\t\t\t<\/div>\n\t\t\t\t<\/div>\n\t\t\t\t<div class=\"elementor-element elementor-element-2f31be8 elementor-widget elementor-widget-zermatt_core_button\" data-id=\"2f31be8\" data-element_type=\"widget\" data-e-type=\"widget\" data-widget_type=\"zermatt_core_button.default\">\n\t\t\t\t<div class=\"elementor-widget-container\">\n\t\t\t\t\t<a class=\"qodef-shortcode qodef-m  qodef-button qodef-layout--textual qodef-size--large qodef-html--link \" href=\"https:\/\/www.vann.fi\/wp\/?portfolio-item=mesikukankuja\" target=\"_blank\"  >\n\t<span class=\"qodef-m-text\"><\/span>\n\t\t\t<svg class=\"qodef-btn-textual-icon\" xmlns=\"http:\/\/www.w3.org\/2000\/svg\" viewBox=\"0 0 11.871 11.854\">\n\t\t\t<g>\n\t\t\t\t<path stroke-miterlimit=\"10\" fill=\"none\" d=\"M0 .5h11.372v11.354\"\/><path stroke-miterlimit=\"10\" d=\"M11.371.5L.759 11.113\"\/>\n\t\t\t<\/g>\n\t\t\t<g>\n\t\t\t\t<path stroke-miterlimit=\"10\" fill=\"none\" d=\"M0 .5h11.372v11.354\"\/><path stroke-miterlimit=\"10\" d=\"M11.371.5L.759 11.113\"\/>\n\t\t\t<\/g>\n\t\t<\/svg>\n\t<\/a>\t\t\t\t<\/div>\n\t\t\t\t<\/div>\n\t\t\t\t<\/div>\n\t\t\t\t\t<\/div>\n\t\t\t\t<\/div>\n\t\t<div class=\"elementor-element elementor-element-3e2eb59 e-flex e-con-boxed qodef-elementor-content-no e-con e-parent\" data-id=\"3e2eb59\" data-element_type=\"container\" data-e-type=\"container\">\n\t\t\t\t\t<div class=\"e-con-inner\">\n\t\t<div class=\"elementor-element elementor-element-6cc0fd4 e-con-full e-flex qodef-elementor-content-no e-con e-child\" data-id=\"6cc0fd4\" data-element_type=\"container\" data-e-type=\"container\">\n\t\t\t\t<div class=\"elementor-element elementor-element-8b31e7d elementor-widget elementor-widget-qi_addons_for_elementor_banner\" data-id=\"8b31e7d\" data-element_type=\"widget\" data-e-type=\"widget\" data-widget_type=\"qi_addons_for_elementor_banner.default\">\n\t\t\t\t<div class=\"elementor-widget-container\">\n\t\t\t\t\t<div class=\"qodef-shortcode qodef-m qodef-qi-banner qodef-layout--standard qodef-vertical--bottom qodef-horizontal--left qodef-image--hover-zoom\">\n\t<div class=\"qodef-m-image\">\n\t<img decoding=\"async\" width=\"1024\" height=\"680\" src=\"https:\/\/www.vann.fi\/wp\/wp-content\/uploads\/2025\/02\/saaritontti-1024x680.jpeg\" class=\"attachment-large size-large\" alt=\"\" srcset=\"https:\/\/www.vann.fi\/wp\/wp-content\/uploads\/2025\/02\/saaritontti-1024x680.jpeg 1024w, https:\/\/www.vann.fi\/wp\/wp-content\/uploads\/2025\/02\/saaritontti-300x199.jpeg 300w, https:\/\/www.vann.fi\/wp\/wp-content\/uploads\/2025\/02\/saaritontti-768x510.jpeg 768w, https:\/\/www.vann.fi\/wp\/wp-content\/uploads\/2025\/02\/saaritontti.jpeg 1214w\" sizes=\"(max-width: 1024px) 100vw, 1024px\" \/><\/div>\n\t<div class=\"qodef-m-content\">\n\t\t<div class=\"qodef-m-content-inner\">\n\t\t\t\t\t\t\t\t\t\t\t\t\t\t<\/div>\n\t<\/div>\n\t<\/div>\n\t\t\t\t<\/div>\n\t\t\t\t<\/div>\n\t\t\t\t<\/div>\n\t\t<div class=\"elementor-element elementor-element-e4c9c04 e-con-full e-flex qodef-elementor-content-no e-con e-child\" data-id=\"e4c9c04\" data-element_type=\"container\" data-e-type=\"container\">\n\t\t\t\t<div class=\"elementor-element elementor-element-53d0d12 elementor-widget-divider--view-line elementor-widget elementor-widget-divider\" data-id=\"53d0d12\" data-element_type=\"widget\" data-e-type=\"widget\" data-widget_type=\"divider.default\">\n\t\t\t\t<div class=\"elementor-widget-container\">\n\t\t\t\t\t\t\t<div class=\"elementor-divider\">\n\t\t\t<span class=\"elementor-divider-separator\">\n\t\t\t\t\t\t<\/span>\n\t\t<\/div>\n\t\t\t\t\t\t<\/div>\n\t\t\t\t<\/div>\n\t\t\t\t<div class=\"elementor-element elementor-element-0ac08b5 elementor-widget elementor-widget-text-editor\" data-id=\"0ac08b5\" data-element_type=\"widget\" data-e-type=\"widget\" data-widget_type=\"text-editor.default\">\n\t\t\t\t<div class=\"elementor-widget-container\">\n\t\t\t\t\t\t\t\t\t<p>TY\u00d6N ALLA! Vapaa-ajan asunnon p\u00e4\u00e4- ja arkkitehtisuunnittelu Kemi\u00f6nsaareen sek\u00e4 yleiskaavamuutoksen kaavasuunnittelu. Ty\u00f6 tehty yhteisty\u00f6ss\u00e4 arkkitehti Anna Brunown kanssa.<\/p>\t\t\t\t\t\t\t\t<\/div>\n\t\t\t\t<\/div>\n\t\t\t\t<div class=\"elementor-element elementor-element-e6d074f elementor-widget elementor-widget-zermatt_core_button\" data-id=\"e6d074f\" data-element_type=\"widget\" data-e-type=\"widget\" data-widget_type=\"zermatt_core_button.default\">\n\t\t\t\t<div class=\"elementor-widget-container\">\n\t\t\t\t\t<a class=\"qodef-shortcode qodef-m  qodef-button qodef-layout--textual qodef-size--large qodef-html--link \" href=\"https:\/\/www.vann.fi\/wp\/?portfolio-item=mokki\" target=\"_blank\"  >\n\t<span class=\"qodef-m-text\"><\/span>\n\t\t\t<svg class=\"qodef-btn-textual-icon\" xmlns=\"http:\/\/www.w3.org\/2000\/svg\" viewBox=\"0 0 11.871 11.854\">\n\t\t\t<g>\n\t\t\t\t<path stroke-miterlimit=\"10\" fill=\"none\" d=\"M0 .5h11.372v11.354\"\/><path stroke-miterlimit=\"10\" d=\"M11.371.5L.759 11.113\"\/>\n\t\t\t<\/g>\n\t\t\t<g>\n\t\t\t\t<path stroke-miterlimit=\"10\" fill=\"none\" d=\"M0 .5h11.372v11.354\"\/><path stroke-miterlimit=\"10\" d=\"M11.371.5L.759 11.113\"\/>\n\t\t\t<\/g>\n\t\t<\/svg>\n\t<\/a>\t\t\t\t<\/div>\n\t\t\t\t<\/div>\n\t\t\t\t<\/div>\n\t\t\t\t\t<\/div>\n\t\t\t\t<\/div>\n\t\t<div class=\"elementor-element elementor-element-6eecd02 e-flex e-con-boxed qodef-elementor-content-no e-con e-parent\" data-id=\"6eecd02\" data-element_type=\"container\" data-e-type=\"container\">\n\t\t\t\t\t<div class=\"e-con-inner\">\n\t\t\t\t<div class=\"elementor-element elementor-element-f3487d3 elementor-widget elementor-widget-qi_addons_for_elementor_button\" data-id=\"f3487d3\" data-element_type=\"widget\" data-e-type=\"widget\" data-widget_type=\"qi_addons_for_elementor_button.default\">\n\t\t\t\t<div class=\"elementor-widget-container\">\n\t\t\t\t\t<a class=\"qodef-shortcode qodef-m qodef-qi-button qodef-html--link qodef-layout--filled qodef-type--inner-border qodef-size--large qodef-icon--right qodef-hover--icon-move-horizontal-short\" href=\"https:\/\/www.vann.fi\/wp\/?page_id=571\" target=\"_self\">\n\t<span class=\"qodef-m-text\">Lis\u00e4\u00e4 projekteja...<\/span>\n\t\t<div class=\"qodef-m-inner-border\">\n\t\t\t\t\t<span class=\"qodef-m-border-top\"><\/span>\n\t\t\t<span class=\"qodef-m-border-right\"><\/span>\n\t\t\t<span class=\"qodef-m-border-bottom\"><\/span>\n\t\t\t<span class=\"qodef-m-border-left\"><\/span>\n\t\t\t\t<\/div>\n\t<\/a>\n\t\t\t\t<\/div>\n\t\t\t\t<\/div>\n\t\t\t\t\t<\/div>\n\t\t\t\t<\/div>\n\t\t\t\t<\/div>\n\t\t","protected":false},"excerpt":{"rendered":"<p>Konteksti, kauneus ja kest\u00e4vyys \u2013 arkkitehtuuria, joka luo korvaamattomia paikkoja VANN Arkkitehdit on Helsinkil\u00e4inen arkkitehtitoimisto. Meill\u00e4 on pitk\u00e4 kokemus rakennus- ja kaupunkisuunnittelusta. Teemme asuntosuunnittelua, hoiva- ja erityisasumisen suunnittelua sek\u00e4 koulu- ja p\u00e4iv\u00e4kotisuunnittelua. Osaamiseemme kuuluu my\u00f6s maank\u00e4yt\u00f6n suunnittelu, viitesuunnitelmien laadinta ja konsepti- ja kiinteist\u00f6kehitysprojekteja palveleva arkkitehtisuunnittelu sek\u00e4 erilaisten selvitysten laadinta suunnittelun tueksi. Vann Arkkitehtien t\u00f6iss\u00e4 pragmaattisuus [&hellip;]<\/p>\n","protected":false},"author":1,"featured_media":0,"parent":0,"menu_order":0,"comment_status":"closed","ping_status":"closed","template":"elementor_theme","meta":{"footnotes":""},"class_list":["post-254","page","type-page","status-publish","hentry"],"_links":{"self":[{"href":"https:\/\/www.vann.fi\/wp\/index.php?rest_route=\/wp\/v2\/pages\/254","targetHints":{"allow":["GET"]}}],"collection":[{"href":"https:\/\/www.vann.fi\/wp\/index.php?rest_route=\/wp\/v2\/pages"}],"about":[{"href":"https:\/\/www.vann.fi\/wp\/index.php?rest_route=\/wp\/v2\/types\/page"}],"author":[{"embeddable":true,"href":"https:\/\/www.vann.fi\/wp\/index.php?rest_route=\/wp\/v2\/users\/1"}],"replies":[{"embeddable":true,"href":"https:\/\/www.vann.fi\/wp\/index.php?rest_route=%2Fwp%2Fv2%2Fcomments&post=254"}],"version-history":[{"count":527,"href":"https:\/\/www.vann.fi\/wp\/index.php?rest_route=\/wp\/v2\/pages\/254\/revisions"}],"predecessor-version":[{"id":2840,"href":"https:\/\/www.vann.fi\/wp\/index.php?rest_route=\/wp\/v2\/pages\/254\/revisions\/2840"}],"wp:attachment":[{"href":"https:\/\/www.vann.fi\/wp\/index.php?rest_route=%2Fwp%2Fv2%2Fmedia&parent=254"}],"curies":[{"name":"wp","href":"https:\/\/api.w.org\/{rel}","templated":true}]}}