{"id":183,"date":"2024-11-30T16:26:27","date_gmt":"2024-11-30T16:26:27","guid":{"rendered":"http:\/\/www.vann.fi\/wp\/?page_id=183"},"modified":"2025-03-26T19:37:34","modified_gmt":"2025-03-26T19:37:34","slug":"yhteystiedot","status":"publish","type":"page","link":"https:\/\/www.vann.fi\/wp\/?page_id=183","title":{"rendered":"Yhteystiedot"},"content":{"rendered":"\t\t<div data-elementor-type=\"wp-page\" data-elementor-id=\"183\" class=\"elementor elementor-183\">\n\t\t\t\t<div class=\"elementor-element elementor-element-2204bab e-flex e-con-boxed qodef-elementor-content-no e-con e-parent\" data-id=\"2204bab\" data-element_type=\"container\" data-e-type=\"container\">\n\t\t\t\t\t<div class=\"e-con-inner\">\n\t\t\t\t<div class=\"elementor-element elementor-element-caa95c6 elementor-widget elementor-widget-qi_addons_for_elementor_highlight\" data-id=\"caa95c6\" data-element_type=\"widget\" data-e-type=\"widget\" data-widget_type=\"qi_addons_for_elementor_highlight.default\">\n\t\t\t\t<div class=\"elementor-widget-container\">\n\t\t\t\t\t<p class=\"qodef-shortcode qodef-m qodef-qi-highlight qodef-highlight-style--color\" >\n\tToivomme jatkuvasti mahdollisuutta tehd\u00e4 yhteisty\u00f6t\u00e4 erilaisten projektien parissa. Ota yhteytt\u00e4 keskustellaksesi mahdollisista uusista projekteista tai kumppanuuksista, jotka resonoivat asiantuntemuksemme kanssa.<\/p>\n\t\t\t\t<\/div>\n\t\t\t\t<\/div>\n\t\t\t\t\t<\/div>\n\t\t\t\t<\/div>\n\t\t<div class=\"elementor-element elementor-element-771ce04 e-grid e-con-boxed qodef-elementor-content-no e-con e-parent\" data-id=\"771ce04\" data-element_type=\"container\" data-e-type=\"container\">\n\t\t\t\t\t<div class=\"e-con-inner\">\n\t\t<div class=\"elementor-element elementor-element-ea5d72d e-grid e-con-boxed qodef-elementor-content-no e-con e-child\" data-id=\"ea5d72d\" data-element_type=\"container\" data-e-type=\"container\">\n\t\t\t\t\t<div class=\"e-con-inner\">\n\t\t\t\t<div class=\"elementor-element elementor-element-52fef3a elementor-widget elementor-widget-heading\" data-id=\"52fef3a\" data-element_type=\"widget\" data-e-type=\"widget\" data-widget_type=\"heading.default\">\n\t\t\t\t<div class=\"elementor-widget-container\">\n\t\t\t\t\t<h3 class=\"elementor-heading-title elementor-size-default\">ota yhteytt\u00e4<\/h3>\t\t\t\t<\/div>\n\t\t\t\t<\/div>\n\t\t\t\t<div class=\"elementor-element elementor-element-f0234f5 elementor-widget elementor-widget-qi_addons_for_elementor_info_cards\" data-id=\"f0234f5\" data-element_type=\"widget\" data-e-type=\"widget\" data-widget_type=\"qi_addons_for_elementor_info_cards.default\">\n\t\t\t\t<div class=\"elementor-widget-container\">\n\t\t\t\t\t<div class=\"qodef-shortcode qodef-m qodef-qi-info-cards qodef-layout--top qodef-link-overlay qodef--\">\n\t\t<div class=\"qodef-m-content\">\n\t\t\t<h6 class=\"qodef-m-subtitle\">\n\t\tosoite\t<\/h6>\n\t\t\t\t\t<p class=\"qodef-m-text\">Luotsikatu 8 a6 00160 Helsinki\n<\/p>\n\t<\/div>\n\t\t<\/div>\n\t\t\t\t<\/div>\n\t\t\t\t<\/div>\n\t\t\t\t<div class=\"elementor-element elementor-element-530fbb1 elementor-widget elementor-widget-qi_addons_for_elementor_info_cards\" data-id=\"530fbb1\" data-element_type=\"widget\" data-e-type=\"widget\" data-widget_type=\"qi_addons_for_elementor_info_cards.default\">\n\t\t\t\t<div class=\"elementor-widget-container\">\n\t\t\t\t\t<div class=\"qodef-shortcode qodef-m qodef-qi-info-cards qodef-layout--top qodef-link-overlay qodef--\">\n\t\t<div class=\"qodef-m-content\">\n\t\t\t<h6 class=\"qodef-m-subtitle\">\n\t\tavoinna\t<\/h6>\n\t\t\t\t\t<p class=\"qodef-m-text\"> ma-pe 9-17, la-su suljettu<\/p>\n\t<\/div>\n\t\t<\/div>\n\t\t\t\t<\/div>\n\t\t\t\t<\/div>\n\t\t\t\t<div class=\"elementor-element elementor-element-a5f8256 elementor-widget elementor-widget-qi_addons_for_elementor_info_cards\" data-id=\"a5f8256\" data-element_type=\"widget\" data-e-type=\"widget\" data-widget_type=\"qi_addons_for_elementor_info_cards.default\">\n\t\t\t\t<div class=\"elementor-widget-container\">\n\t\t\t\t\t<div class=\"qodef-shortcode qodef-m qodef-qi-info-cards qodef-layout--top qodef-link-overlay qodef--\">\n\t\t<div class=\"qodef-m-content\">\n\t\t\t<h6 class=\"qodef-m-subtitle\">\n\t\tota yhteytt\u00e4\t<\/h6>\n\t\t\t\t\t<p class=\"qodef-m-text\">info@vann.fi <\/p>\n\t<\/div>\n\t\t<\/div>\n\t\t\t\t<\/div>\n\t\t\t\t<\/div>\n\t\t\t\t<div class=\"elementor-element elementor-element-d9ffcca elementor-widget elementor-widget-qi_addons_for_elementor_info_cards\" data-id=\"d9ffcca\" data-element_type=\"widget\" data-e-type=\"widget\" data-widget_type=\"qi_addons_for_elementor_info_cards.default\">\n\t\t\t\t<div class=\"elementor-widget-container\">\n\t\t\t\t\t<div class=\"qodef-shortcode qodef-m qodef-qi-info-cards qodef-layout--top qodef-link-overlay qodef--\">\n\t\t<div class=\"qodef-m-content\">\n\t\t\t\t\t\t\t<p class=\"qodef-m-text\">puh.   +358 44 338 9391\n\n<\/p>\n\t<\/div>\n\t\t<\/div>\n\t\t\t\t<\/div>\n\t\t\t\t<\/div>\n\t\t\t\t<div class=\"elementor-element elementor-element-23a2f0c elementor-view-default elementor-widget elementor-widget-icon\" data-id=\"23a2f0c\" data-element_type=\"widget\" data-e-type=\"widget\" data-widget_type=\"icon.default\">\n\t\t\t\t<div class=\"elementor-widget-container\">\n\t\t\t\t\t\t\t<div class=\"elementor-icon-wrapper\">\n\t\t\t<a class=\"elementor-icon\" href=\"https:\/\/www.instagram.com\/vannarchitects\/\">\n\t\t\t<svg aria-hidden=\"true\" class=\"e-font-icon-svg e-fab-instagram\" viewBox=\"0 0 448 512\" xmlns=\"http:\/\/www.w3.org\/2000\/svg\"><path d=\"M224.1 141c-63.6 0-114.9 51.3-114.9 114.9s51.3 114.9 114.9 114.9S339 319.5 339 255.9 287.7 141 224.1 141zm0 189.6c-41.1 0-74.7-33.5-74.7-74.7s33.5-74.7 74.7-74.7 74.7 33.5 74.7 74.7-33.6 74.7-74.7 74.7zm146.4-194.3c0 14.9-12 26.8-26.8 26.8-14.9 0-26.8-12-26.8-26.8s12-26.8 26.8-26.8 26.8 12 26.8 26.8zm76.1 27.2c-1.7-35.9-9.9-67.7-36.2-93.9-26.2-26.2-58-34.4-93.9-36.2-37-2.1-147.9-2.1-184.9 0-35.8 1.7-67.6 9.9-93.9 36.1s-34.4 58-36.2 93.9c-2.1 37-2.1 147.9 0 184.9 1.7 35.9 9.9 67.7 36.2 93.9s58 34.4 93.9 36.2c37 2.1 147.9 2.1 184.9 0 35.9-1.7 67.7-9.9 93.9-36.2 26.2-26.2 34.4-58 36.2-93.9 2.1-37 2.1-147.8 0-184.8zM398.8 388c-7.8 19.6-22.9 34.7-42.6 42.6-29.5 11.7-99.5 9-132.1 9s-102.7 2.6-132.1-9c-19.6-7.8-34.7-22.9-42.6-42.6-11.7-29.5-9-99.5-9-132.1s-2.6-102.7 9-132.1c7.8-19.6 22.9-34.7 42.6-42.6 29.5-11.7 99.5-9 132.1-9s102.7-2.6 132.1 9c19.6 7.8 34.7 22.9 42.6 42.6 11.7 29.5 9 99.5 9 132.1s2.7 102.7-9 132.1z\"><\/path><\/svg>\t\t\t<\/a>\n\t\t<\/div>\n\t\t\t\t\t\t<\/div>\n\t\t\t\t<\/div>\n\t\t\t\t\t<\/div>\n\t\t\t\t<\/div>\n\t\t\t\t<div class=\"elementor-element elementor-element-9d9e3c4 elementor-widget__width-initial elementor-widget elementor-widget-google_maps\" data-id=\"9d9e3c4\" data-element_type=\"widget\" data-e-type=\"widget\" data-widget_type=\"google_maps.default\">\n\t\t\t\t<div class=\"elementor-widget-container\">\n\t\t\t\t\t\t\t<div class=\"elementor-custom-embed\">\n\t\t\t<iframe loading=\"lazy\"\n\t\t\t\t\tsrc=\"https:\/\/maps.google.com\/maps?q=Luotsikatu%208%20&#038;t=m&#038;z=14&#038;output=embed&#038;iwloc=near\"\n\t\t\t\t\ttitle=\"Luotsikatu 8 \"\n\t\t\t\t\taria-label=\"Luotsikatu 8 \"\n\t\t\t><\/iframe>\n\t\t<\/div>\n\t\t\t\t\t\t<\/div>\n\t\t\t\t<\/div>\n\t\t\t\t\t<\/div>\n\t\t\t\t<\/div>\n\t\t<div class=\"elementor-element elementor-element-088c2a9 e-con-full e-flex qodef-elementor-content-no e-con e-parent\" data-id=\"088c2a9\" data-element_type=\"container\" data-e-type=\"container\">\n\t\t<div class=\"elementor-element elementor-element-a7bed9b e-con-full e-flex qodef-elementor-content-no e-con e-child\" data-id=\"a7bed9b\" data-element_type=\"container\" data-e-type=\"container\">\n\t\t<div class=\"elementor-element elementor-element-e718d00 e-con-full e-flex qodef-elementor-content-no e-con e-child\" data-id=\"e718d00\" data-element_type=\"container\" data-e-type=\"container\">\n\t\t<div class=\"elementor-element elementor-element-a12ffe5 e-con-full e-grid qodef-elementor-content-no e-con e-child\" data-id=\"a12ffe5\" data-element_type=\"container\" data-e-type=\"container\">\n\t\t\t\t<\/div>\n\t\t\t\t<\/div>\n\t\t\t\t<\/div>\n\t\t\t\t<\/div>\n\t\t<div class=\"elementor-element elementor-element-6761b7b e-flex e-con-boxed qodef-elementor-content-no e-con e-parent\" data-id=\"6761b7b\" data-element_type=\"container\" data-e-type=\"container\">\n\t\t\t\t\t<div class=\"e-con-inner\">\n\t\t\t\t\t<\/div>\n\t\t\t\t<\/div>\n\t\t<div class=\"elementor-element elementor-element-8679d21 e-flex e-con-boxed qodef-elementor-content-no e-con e-parent\" data-id=\"8679d21\" data-element_type=\"container\" data-e-type=\"container\">\n\t\t\t\t\t<div class=\"e-con-inner\">\n\t\t\t\t\t<\/div>\n\t\t\t\t<\/div>\n\t\t<div class=\"elementor-element elementor-element-31658a2 e-flex e-con-boxed qodef-elementor-content-no e-con e-parent\" data-id=\"31658a2\" data-element_type=\"container\" data-e-type=\"container\">\n\t\t\t\t\t<div class=\"e-con-inner\">\n\t\t\t\t\t<\/div>\n\t\t\t\t<\/div>\n\t\t<div class=\"elementor-element elementor-element-5226c36 e-flex e-con-boxed qodef-elementor-content-no e-con e-parent\" data-id=\"5226c36\" data-element_type=\"container\" data-e-type=\"container\">\n\t\t\t\t\t<div class=\"e-con-inner\">\n\t\t\t\t\t<\/div>\n\t\t\t\t<\/div>\n\t\t<div class=\"elementor-element elementor-element-cc4307c e-flex e-con-boxed qodef-elementor-content-no e-con e-parent\" data-id=\"cc4307c\" data-element_type=\"container\" data-e-type=\"container\">\n\t\t\t\t\t<div class=\"e-con-inner\">\n\t\t\t\t\t<\/div>\n\t\t\t\t<\/div>\n\t\t\t\t<\/div>\n\t\t","protected":false},"excerpt":{"rendered":"<p>Toivomme jatkuvasti mahdollisuutta tehd\u00e4 yhteisty\u00f6t\u00e4 erilaisten projektien parissa. Ota yhteytt\u00e4 keskustellaksesi mahdollisista uusista projekteista tai kumppanuuksista, jotka resonoivat asiantuntemuksemme kanssa. ota yhteytt\u00e4 osoite Luotsikatu 8 a6 00160 Helsinki avoinna ma-pe 9-17, la-su suljettu ota yhteytt\u00e4 info@vann.fi puh. +358 44 338 9391<\/p>\n","protected":false},"author":1,"featured_media":0,"parent":0,"menu_order":0,"comment_status":"closed","ping_status":"closed","template":"elementor_theme","meta":{"footnotes":""},"class_list":["post-183","page","type-page","status-publish","hentry"],"_links":{"self":[{"href":"https:\/\/www.vann.fi\/wp\/index.php?rest_route=\/wp\/v2\/pages\/183","targetHints":{"allow":["GET"]}}],"collection":[{"href":"https:\/\/www.vann.fi\/wp\/index.php?rest_route=\/wp\/v2\/pages"}],"about":[{"href":"https:\/\/www.vann.fi\/wp\/index.php?rest_route=\/wp\/v2\/types\/page"}],"author":[{"embeddable":true,"href":"https:\/\/www.vann.fi\/wp\/index.php?rest_route=\/wp\/v2\/users\/1"}],"replies":[{"embeddable":true,"href":"https:\/\/www.vann.fi\/wp\/index.php?rest_route=%2Fwp%2Fv2%2Fcomments&post=183"}],"version-history":[{"count":271,"href":"https:\/\/www.vann.fi\/wp\/index.php?rest_route=\/wp\/v2\/pages\/183\/revisions"}],"predecessor-version":[{"id":2810,"href":"https:\/\/www.vann.fi\/wp\/index.php?rest_route=\/wp\/v2\/pages\/183\/revisions\/2810"}],"wp:attachment":[{"href":"https:\/\/www.vann.fi\/wp\/index.php?rest_route=%2Fwp%2Fv2%2Fmedia&parent=183"}],"curies":[{"name":"wp","href":"https:\/\/api.w.org\/{rel}","templated":true}]}}