{"id":1611,"date":"2024-12-06T10:10:03","date_gmt":"2024-12-06T10:10:03","guid":{"rendered":"http:\/\/www.vann.fi\/wp\/?page_id=1611"},"modified":"2025-03-26T19:37:05","modified_gmt":"2025-03-26T19:37:05","slug":"toimisto","status":"publish","type":"page","link":"https:\/\/www.vann.fi\/wp\/?page_id=1611","title":{"rendered":"toimisto"},"content":{"rendered":"\t\t<div data-elementor-type=\"wp-page\" data-elementor-id=\"1611\" class=\"elementor elementor-1611\">\n\t\t\t\t<div class=\"elementor-element elementor-element-44ae770 e-flex e-con-boxed qodef-elementor-content-no e-con e-parent\" data-id=\"44ae770\" data-element_type=\"container\" data-e-type=\"container\">\n\t\t\t\t\t<div class=\"e-con-inner\">\n\t\t<div class=\"elementor-element elementor-element-4043932 e-con-full e-flex qodef-elementor-content-no e-con e-child\" data-id=\"4043932\" data-element_type=\"container\" data-e-type=\"container\">\n\t\t\t\t<div class=\"elementor-element elementor-element-76480c2 elementor-widget elementor-widget-heading\" data-id=\"76480c2\" data-element_type=\"widget\" data-e-type=\"widget\" data-widget_type=\"heading.default\">\n\t\t\t\t<div class=\"elementor-widget-container\">\n\t\t\t\t\t<h2 class=\"elementor-heading-title elementor-size-default\">toimisto<\/h2>\t\t\t\t<\/div>\n\t\t\t\t<\/div>\n\t\t\t\t<\/div>\n\t\t\t\t\t<\/div>\n\t\t\t\t<\/div>\n\t\t<div class=\"elementor-element elementor-element-997e697 e-flex e-con-boxed qodef-elementor-content-no e-con e-parent\" data-id=\"997e697\" data-element_type=\"container\" data-e-type=\"container\">\n\t\t\t\t\t<div class=\"e-con-inner\">\n\t\t<div class=\"elementor-element elementor-element-6c28976 e-con-full e-flex qodef-elementor-content-no e-con e-child\" data-id=\"6c28976\" data-element_type=\"container\" data-e-type=\"container\">\n\t\t\t\t<div class=\"elementor-element elementor-element-59e495b elementor-widget elementor-widget-text-editor\" data-id=\"59e495b\" data-element_type=\"widget\" data-e-type=\"widget\" data-widget_type=\"text-editor.default\">\n\t\t\t\t<div class=\"elementor-widget-container\">\n\t\t\t\t\t\t\t\t\t<p>Vann Arkkitehtien t\u00f6iss\u00e4 \u00a0pragmaattisuus yhdistyy runouteen. T\u00f6iss\u00e4mme vahvistamme ja her\u00e4ttelemme rakentamisen ja ymp\u00e4rist\u00f6n suhdetta ja luomme n\u00e4in sek\u00e4 uutta merkityst\u00e4 paikalle ett\u00e4 juurevaa omaleimaista arkkitehtuuria.\u00a0<\/p><p>Toimintamme ytimess\u00e4 on syv\u00e4 vastuu ihmisest\u00e4 ja luonnosta. Arkkitehtuuriamme m\u00e4\u00e4rittelee paikan henki, identiteetti, kauneus ja kest\u00e4vyys.<\/p><p>VANN arkkitehdit on pieni arkkitehtitoimisto, joissa toimiston vet\u00e4j\u00e4 itse toimii projektivastaavana ja on my\u00f6s vahvasti mukana suunnittelun kaikissa vaiheissa. N\u00e4emme ett\u00e4 pieni vastuullinen ja kokenut suunnittelutiimi osaltaan toimii ty\u00f6n laatutakeena. N\u00e4emme t\u00e4rke\u00e4n\u00e4 ja panostamme erityisesti siihen, ett\u00e4 yhteisty\u00f6 tilaajan ja hankkeisiin liittyvien viranomaistahojen kanssa on toimivaa ja mutkatonta.<\/p><p>Vann arkkitehdeill\u00e4 on voimassaoleva konsulttivastuuvakuutus Pohjola vakuutusyhti\u00f6st\u00e4 ja Tilaajavastuulain mukainen yritysraportti on tilattavissa Vastuu Groupin Luotettava kumppani \u2013palvelusta.<\/p><p>VANN Arkkitehdit tekee yhteisty\u00f6t\u00e4 arkkitehti Anna Brunown\/ABM Conselium ja Arkkitehtitoimisto Kristina Karlssonin kanssa. Toimistojen yhteisvoimin pystymme tarjoamaan suurempiakin kohteita ja varmistaen samalla varahenkil\u00f6n saatavuus.<\/p>\t\t\t\t\t\t\t\t<\/div>\n\t\t\t\t<\/div>\n\t\t\t\t<\/div>\n\t\t<div class=\"elementor-element elementor-element-4bd224a e-con-full e-flex qodef-elementor-content-no e-con e-child\" data-id=\"4bd224a\" data-element_type=\"container\" data-e-type=\"container\">\n\t\t\t\t<div class=\"elementor-element elementor-element-5484c29 elementor-widget elementor-widget-heading\" data-id=\"5484c29\" data-element_type=\"widget\" data-e-type=\"widget\" data-widget_type=\"heading.default\">\n\t\t\t\t<div class=\"elementor-widget-container\">\n\t\t\t\t\t<h6 class=\"elementor-heading-title elementor-size-default\">Asuntosuunnittelu<\/h6>\t\t\t\t<\/div>\n\t\t\t\t<\/div>\n\t\t\t\t<div class=\"elementor-element elementor-element-9defc50 elementor-widget elementor-widget-text-editor\" data-id=\"9defc50\" data-element_type=\"widget\" data-e-type=\"widget\" data-widget_type=\"text-editor.default\">\n\t\t\t\t<div class=\"elementor-widget-container\">\n\t\t\t\t\t\t\t\t\t<p style=\"text-align: left;\">Asumiseen liittyvien muutosvoimien huomioiminen on ollut monessa projektissamme keski\u00f6ss\u00e4. Olemme ty\u00f6skennelleet muun muassa uudenlaisten palveluasumisen konseptien kehitt\u00e4misen parissa ik\u00e4ihmisille kuten my\u00f6s perheille suunnitellun asuinkorttelin, joustavan kerrostalokorttelikonseptin, vuokra-asumisen teemoja kartoittavissa konseptin sek\u00e4 asuntoprojekteihin liittyvien osallistavien ty\u00f6pajojen fasilitoinnin parissa.&nbsp;<\/p>\t\t\t\t\t\t\t\t<\/div>\n\t\t\t\t<\/div>\n\t\t\t\t<div class=\"elementor-element elementor-element-25866de elementor-widget elementor-widget-heading\" data-id=\"25866de\" data-element_type=\"widget\" data-e-type=\"widget\" data-widget_type=\"heading.default\">\n\t\t\t\t<div class=\"elementor-widget-container\">\n\t\t\t\t\t<h6 class=\"elementor-heading-title elementor-size-default\">Yhdyskunta- ja kaupunkisuunnittelu:<\/h6>\t\t\t\t<\/div>\n\t\t\t\t<\/div>\n\t\t\t\t<div class=\"elementor-element elementor-element-f5a83a3 elementor-widget elementor-widget-text-editor\" data-id=\"f5a83a3\" data-element_type=\"widget\" data-e-type=\"widget\" data-widget_type=\"text-editor.default\">\n\t\t\t\t<div class=\"elementor-widget-container\">\n\t\t\t\t\t\t\t\t\t<p>Meill\u00e4 on kokemusta koulu- ja p\u00e4iv\u00e4kotisuunnittelusta. Vapaa-aikaan ja matkailuun liittyen olemme tehneet laajempaa maank\u00e4yt\u00f6nsuunnittelua kuten my\u00f6s vapaa-ajan ja matkailuun tarkoitettujen rakennusten suunnittelua. Meill\u00e4 on kokemusta my\u00f6s muiden julkisten rakennusten kuten kerho- ja kyl\u00e4talojen suunnittelusta.<\/p>\t\t\t\t\t\t\t\t<\/div>\n\t\t\t\t<\/div>\n\t\t\t\t<div class=\"elementor-element elementor-element-7066af1 elementor-widget elementor-widget-heading\" data-id=\"7066af1\" data-element_type=\"widget\" data-e-type=\"widget\" data-widget_type=\"heading.default\">\n\t\t\t\t<div class=\"elementor-widget-container\">\n\t\t\t\t\t<h6 class=\"elementor-heading-title elementor-size-default\">Julkinen rakentaminen, matkailu ja vapaa-aika:<\/h6>\t\t\t\t<\/div>\n\t\t\t\t<\/div>\n\t\t\t\t<div class=\"elementor-element elementor-element-b2003f0 elementor-widget elementor-widget-text-editor\" data-id=\"b2003f0\" data-element_type=\"widget\" data-e-type=\"widget\" data-widget_type=\"text-editor.default\">\n\t\t\t\t<div class=\"elementor-widget-container\">\n\t\t\t\t\t\t\t\t\t<p>Teemme laaja-alaisesti erilaisten ja eri kokoisten alueiden viitesuunnitelmia, korttelitutkielmia ja ideasuunnitelmia. Olemme ty\u00f6skennelleet my\u00f6s korttelien t\u00e4ydennysrakentamismahdollisuuksien parissa, laatien niihin liittyvi\u00e4 hankesuunnitelmia ja avustaen kaavaprosesseissa.<\/p>\t\t\t\t\t\t\t\t<\/div>\n\t\t\t\t<\/div>\n\t\t\t\t<\/div>\n\t\t\t\t\t<\/div>\n\t\t\t\t<\/div>\n\t\t<div class=\"elementor-element elementor-element-8ded737 e-grid e-con-boxed qodef-elementor-content-no e-con e-parent\" data-id=\"8ded737\" data-element_type=\"container\" data-e-type=\"container\">\n\t\t\t\t\t<div class=\"e-con-inner\">\n\t\t<div class=\"elementor-element elementor-element-62216e0 e-grid e-con-full qodef-elementor-content-no e-con e-child\" data-id=\"62216e0\" data-element_type=\"container\" data-e-type=\"container\">\n\t\t\t\t<\/div>\n\t\t\t\t\t<\/div>\n\t\t\t\t<\/div>\n\t\t<div class=\"elementor-element elementor-element-85d401d e-flex e-con-boxed qodef-elementor-content-no e-con e-parent\" data-id=\"85d401d\" data-element_type=\"container\" data-e-type=\"container\">\n\t\t\t\t\t<div class=\"e-con-inner\">\n\t\t<div class=\"elementor-element elementor-element-a7a8bba e-con-full e-flex qodef-elementor-content-no e-con e-child\" data-id=\"a7a8bba\" data-element_type=\"container\" data-e-type=\"container\">\n\t\t\t\t<div class=\"elementor-element elementor-element-5827a53 elementor-widget elementor-widget-qi_addons_for_elementor_team_member\" data-id=\"5827a53\" data-element_type=\"widget\" data-e-type=\"widget\" data-widget_type=\"qi_addons_for_elementor_team_member.default\">\n\t\t\t\t<div class=\"elementor-widget-container\">\n\t\t\t\t\t<div class=\"qodef-shortcode qodef-m qodef-qi-team-member qodef-item-layout--info-below\">\n\t<div class=\"qodef-m-inner\">\n\t\t<div class=\"qodef-m-image\">\n\t\t\t\t<div class=\"qodef-m-media-image\">\n\t\t<img fetchpriority=\"high\" decoding=\"async\" width=\"300\" height=\"300\" src=\"https:\/\/www.vann.fi\/wp\/wp-content\/uploads\/2025\/01\/IMG_9707-300x300.jpg\" class=\"attachment-medium size-medium\" alt=\"\" srcset=\"https:\/\/www.vann.fi\/wp\/wp-content\/uploads\/2025\/01\/IMG_9707-300x300.jpg 300w, https:\/\/www.vann.fi\/wp\/wp-content\/uploads\/2025\/01\/IMG_9707-150x150.jpg 150w, https:\/\/www.vann.fi\/wp\/wp-content\/uploads\/2025\/01\/IMG_9707-768x767.jpg 768w, https:\/\/www.vann.fi\/wp\/wp-content\/uploads\/2025\/01\/IMG_9707-650x650.jpg 650w, https:\/\/www.vann.fi\/wp\/wp-content\/uploads\/2025\/01\/IMG_9707.jpg 960w\" sizes=\"(max-width: 300px) 100vw, 300px\" \/>\t<\/div>\n\t\t<\/div>\n\t\t<div class=\"qodef-m-content\">\n\t\t\t\t<h4 itemprop=\"name\" class=\"qodef-m-title\">\n\t\tAnni Vanha-Patokoski\t<\/h4>\n\t\t\t\t\t<p class=\"qodef-m-role\">Arkkitehti SAFA, perustaja<\/p>\n\t\t\t\t<div class=\"qodef-m-social-icons\">\n\t\t\t\t\t\t<span class=\"qodef-e-social-icon\">\n\t\t\t\t\t\t\t\t\t<\/span>\n\t\t\t\t\t<\/div>\n\t\t<\/div>\n\t<\/div>\n<\/div>\n\t\t\t\t<\/div>\n\t\t\t\t<\/div>\n\t\t\t\t<div class=\"elementor-element elementor-element-b7a2c35 elementor-widget elementor-widget-qi_addons_for_elementor_team_member\" data-id=\"b7a2c35\" data-element_type=\"widget\" data-e-type=\"widget\" data-widget_type=\"qi_addons_for_elementor_team_member.default\">\n\t\t\t\t<div class=\"elementor-widget-container\">\n\t\t\t\t\t<div class=\"qodef-shortcode qodef-m qodef-qi-team-member qodef-item-layout--info-below\">\n\t<div class=\"qodef-m-inner\">\n\t\t<div class=\"qodef-m-image\">\n\t\t\t\t\t<\/div>\n\t\t<div class=\"qodef-m-content\">\n\t\t\t\t\t\t\t<p class=\"qodef-m-role\">+358 44 338 9391<\/p>\n\t\t\t\t<div class=\"qodef-m-social-icons\">\n\t\t\t\t\t\t<span class=\"qodef-e-social-icon\">\n\t\t\t\t\t\t\t\t\t<\/span>\n\t\t\t\t\t<\/div>\n\t\t<\/div>\n\t<\/div>\n<\/div>\n\t\t\t\t<\/div>\n\t\t\t\t<\/div>\n\t\t\t\t<div class=\"elementor-element elementor-element-2cecfb6 elementor-widget elementor-widget-qi_addons_for_elementor_team_member\" data-id=\"2cecfb6\" data-element_type=\"widget\" data-e-type=\"widget\" data-widget_type=\"qi_addons_for_elementor_team_member.default\">\n\t\t\t\t<div class=\"elementor-widget-container\">\n\t\t\t\t\t<div class=\"qodef-shortcode qodef-m qodef-qi-team-member qodef-item-layout--info-below\">\n\t<div class=\"qodef-m-inner\">\n\t\t<div class=\"qodef-m-image\">\n\t\t\t\t\t<\/div>\n\t\t<div class=\"qodef-m-content\">\n\t\t\t\t\t\t\t<p class=\"qodef-m-role\">anni@vann.fi<\/p>\n\t\t\t\t<div class=\"qodef-m-social-icons\">\n\t\t\t\t\t\t<span class=\"qodef-e-social-icon\">\n\t\t\t\t\t\t\t\t\t<\/span>\n\t\t\t\t\t<\/div>\n\t\t<\/div>\n\t<\/div>\n<\/div>\n\t\t\t\t<\/div>\n\t\t\t\t<\/div>\n\t\t\t\t<div class=\"elementor-element elementor-element-c587903 elementor-widget elementor-widget-text-editor\" data-id=\"c587903\" data-element_type=\"widget\" data-e-type=\"widget\" data-widget_type=\"text-editor.default\">\n\t\t\t\t<div class=\"elementor-widget-container\">\n\t\t\t\t\t\t\t\t\t<p>FISE Rakennussuunnittelijan p\u00e4tevyys, Poikkeuksellisen vaativa -vaativuusluokka, uudisrakentaminen, arkkitehtisuunnittelijoiden rekisterin j\u00e4sen ARK 1932<\/p><p>\u00a0<\/p>\t\t\t\t\t\t\t\t<\/div>\n\t\t\t\t<\/div>\n\t\t\t\t<div class=\"elementor-element elementor-element-ca78cff elementor-widget elementor-widget-text-editor\" data-id=\"ca78cff\" data-element_type=\"widget\" data-e-type=\"widget\" data-widget_type=\"text-editor.default\">\n\t\t\t\t<div class=\"elementor-widget-container\">\n\t\t\t\t\t\t\t\t\t<p>P\u00e4\u00e4suunnittelijakoulutus ja tentti 2024<\/p>\t\t\t\t\t\t\t\t<\/div>\n\t\t\t\t<\/div>\n\t\t\t\t<div class=\"elementor-element elementor-element-532e856 elementor-widget elementor-widget-text-editor\" data-id=\"532e856\" data-element_type=\"widget\" data-e-type=\"widget\" data-widget_type=\"text-editor.default\">\n\t\t\t\t<div class=\"elementor-widget-container\">\n\t\t\t\t\t\t\t\t\t<p>Arkkitehti Oulun Yliopisto 2002-2017<\/p>\t\t\t\t\t\t\t\t<\/div>\n\t\t\t\t<\/div>\n\t\t\t\t<div class=\"elementor-element elementor-element-b7820be elementor-widget elementor-widget-text-editor\" data-id=\"b7820be\" data-element_type=\"widget\" data-e-type=\"widget\" data-widget_type=\"text-editor.default\">\n\t\t\t\t<div class=\"elementor-widget-container\">\n\t\t\t\t\t\t\t\t\t<p>Ecole Nationale Sup\u00e9rieure d\u2019Architecture de Nancy 2010-2011<\/p>\t\t\t\t\t\t\t\t<\/div>\n\t\t\t\t<\/div>\n\t\t\t\t<\/div>\n\t\t<div class=\"elementor-element elementor-element-5b379ce e-con-full e-flex qodef-elementor-content-no e-con e-child\" data-id=\"5b379ce\" data-element_type=\"container\" data-e-type=\"container\">\n\t\t\t\t<div class=\"elementor-element elementor-element-25fca6c elementor-widget elementor-widget-text-editor\" data-id=\"25fca6c\" data-element_type=\"widget\" data-e-type=\"widget\" data-widget_type=\"text-editor.default\">\n\t\t\t\t<div class=\"elementor-widget-container\">\n\t\t\t\t\t\t\t\t\t<p>Anni on ty\u00f6skennellyt yli 15 vuoden ajan yksityisiss\u00e4 arkkitehtitoimistoissa, kunnes h\u00e4n vuoden 2024 alussa siirtyi p\u00e4\u00e4toimisesti perustamaansa VANN Arkkitehdit toimistoon.\u00a0<\/p><p>Anni on toiminut p\u00e4\u00e4suunnittelijana ja arkkitehtisuunnittelun projektinvet\u00e4j\u00e4n\u00e4 kuten my\u00f6s laajemman monialaisen suunnitteluryhm\u00e4n vet\u00e4j\u00e4n\u00e4 erikokoisissa hankkeissa. Anni on saavuttanut menestyst\u00e4 my\u00f6s monissa arkkitehtuurikilpailussa<\/p><p>Projektinvet\u00e4j\u00e4n\u00e4 tai vastuullisena suunnittelija Anni on toiminut muun muassa seuraavissa projekteissa: Sompasaaren p\u00e4iv\u00e4koti, Kangasalan iso koulukeskushanke (molemmat Verstas arkkitehdit), Helsingin Kalasatamaan sijoittuva poikkeuksellisen vaativaksi luokiteltu suurkortteli, Kalasatamassa Isois\u00e4nsillan kupeessa sijaitseva asuinkortteli, Kruununvuorenrantaan sijoittuva asuinkortteli (edelliset Sweco ark.).<\/p><p>Hankesuunnitelma uuden vanhuspalvelulain mukaiseksi ik\u00e4ihmisten asumiseksi, (Verstas arkkitehdit). Kaupunkisuunnittelu kohteista voisi mainita Harjuviidan kaavan viitesuunnitelman (Verstas), Sompasaaren viitesuunnitelman, Herttoniemen alueen viitesuunnitelman, H\u00e4meenlinnan Engelinrannan ja Porin puuvillan alueen kutsukilpailut (edelliset Sweco).<\/p><p>H\u00e4n on my\u00f6s ollut puhumassa erityisesti asumiseen liittyvist\u00e4 asioista, viimeisimp\u00e4n\u00e4 Helsinki Design Weekill\u00e4 Future Proof tapahtumassa kest\u00e4v\u00e4st\u00e4 asumisesta. Anni on my\u00f6s Kruununhaan asukasyhdistyksen hallituksen puheenjohtaja ja Helkan kaavavaikuttamisen ty\u00f6ryhm\u00e4n j\u00e4sen. H\u00e4n on my\u00f6s toinen Lasten Venetsialaisten &#8211; kaupunkifestareiden kehitt\u00e4jist\u00e4 ja p\u00e4\u00e4j\u00e4rjest\u00e4jist\u00e4. Kaupunkikulttuurin ja osallisuuden teemat sek\u00e4 asukkaiden vaikutusmahdollisuuksien lis\u00e4\u00e4minen omaan ymp\u00e4rist\u00f6\u00f6ns\u00e4 toistuvat my\u00f6s toimiston suunnitelmissa.<\/p>\t\t\t\t\t\t\t\t<\/div>\n\t\t\t\t<\/div>\n\t\t\t\t<\/div>\n\t\t\t\t\t<\/div>\n\t\t\t\t<\/div>\n\t\t<div class=\"elementor-element elementor-element-136d8d7 e-flex e-con-boxed qodef-elementor-content-no e-con e-parent\" data-id=\"136d8d7\" data-element_type=\"container\" data-e-type=\"container\">\n\t\t\t\t\t<div class=\"e-con-inner\">\n\t\t\t\t\t<\/div>\n\t\t\t\t<\/div>\n\t\t<div class=\"elementor-element elementor-element-7b3a11c e-flex e-con-boxed qodef-elementor-content-no e-con e-parent\" data-id=\"7b3a11c\" data-element_type=\"container\" data-e-type=\"container\">\n\t\t\t\t\t<div class=\"e-con-inner\">\n\t\t\t\t\t<\/div>\n\t\t\t\t<\/div>\n\t\t<div class=\"elementor-element elementor-element-257363b e-flex e-con-boxed qodef-elementor-content-no e-con e-parent\" data-id=\"257363b\" data-element_type=\"container\" data-e-type=\"container\">\n\t\t\t\t\t<div class=\"e-con-inner\">\n\t\t\t\t\t<\/div>\n\t\t\t\t<\/div>\n\t\t\t\t<\/div>\n\t\t","protected":false},"excerpt":{"rendered":"<p>toimisto Vann Arkkitehtien t\u00f6iss\u00e4 \u00a0pragmaattisuus yhdistyy runouteen. T\u00f6iss\u00e4mme vahvistamme ja her\u00e4ttelemme rakentamisen ja ymp\u00e4rist\u00f6n suhdetta ja luomme n\u00e4in sek\u00e4 uutta merkityst\u00e4 paikalle ett\u00e4 juurevaa omaleimaista arkkitehtuuria.\u00a0 Toimintamme ytimess\u00e4 on syv\u00e4 vastuu ihmisest\u00e4 ja luonnosta. Arkkitehtuuriamme m\u00e4\u00e4rittelee paikan henki, identiteetti, kauneus ja kest\u00e4vyys. VANN arkkitehdit on pieni arkkitehtitoimisto, joissa toimiston vet\u00e4j\u00e4 itse toimii projektivastaavana ja on [&hellip;]<\/p>\n","protected":false},"author":1,"featured_media":0,"parent":0,"menu_order":0,"comment_status":"closed","ping_status":"closed","template":"","meta":{"footnotes":""},"class_list":["post-1611","page","type-page","status-publish","hentry"],"_links":{"self":[{"href":"https:\/\/www.vann.fi\/wp\/index.php?rest_route=\/wp\/v2\/pages\/1611","targetHints":{"allow":["GET"]}}],"collection":[{"href":"https:\/\/www.vann.fi\/wp\/index.php?rest_route=\/wp\/v2\/pages"}],"about":[{"href":"https:\/\/www.vann.fi\/wp\/index.php?rest_route=\/wp\/v2\/types\/page"}],"author":[{"embeddable":true,"href":"https:\/\/www.vann.fi\/wp\/index.php?rest_route=\/wp\/v2\/users\/1"}],"replies":[{"embeddable":true,"href":"https:\/\/www.vann.fi\/wp\/index.php?rest_route=%2Fwp%2Fv2%2Fcomments&post=1611"}],"version-history":[{"count":235,"href":"https:\/\/www.vann.fi\/wp\/index.php?rest_route=\/wp\/v2\/pages\/1611\/revisions"}],"predecessor-version":[{"id":2807,"href":"https:\/\/www.vann.fi\/wp\/index.php?rest_route=\/wp\/v2\/pages\/1611\/revisions\/2807"}],"wp:attachment":[{"href":"https:\/\/www.vann.fi\/wp\/index.php?rest_route=%2Fwp%2Fv2%2Fmedia&parent=1611"}],"curies":[{"name":"wp","href":"https:\/\/api.w.org\/{rel}","templated":true}]}}